{"id":783,"date":"2023-10-05T09:36:47","date_gmt":"2023-10-05T06:36:47","guid":{"rendered":"https:\/\/pvckatteet.sivustamo.dev\/thank-you-for-contacting-us\/"},"modified":"2023-10-05T09:36:47","modified_gmt":"2023-10-05T06:36:47","slug":"thank-you-for-contacting-us","status":"publish","type":"page","link":"https:\/\/pvckatteet.fi\/en\/thank-you-for-contacting-us\/","title":{"rendered":"Thank you for contacting us"},"content":{"rendered":"\t\t<div data-elementor-type=\"wp-page\" data-elementor-id=\"783\" class=\"elementor elementor-783 elementor-162\" data-elementor-post-type=\"page\">\n\t\t\t\t<div class=\"elementor-element elementor-element-c310531 e-flex e-con-boxed e-con e-parent\" data-id=\"c310531\" data-element_type=\"container\" data-e-type=\"container\" data-settings=\"{&quot;jet_parallax_layout_list&quot;:[]}\">\n\t\t\t\t\t<div class=\"e-con-inner\">\n\t\t\t\t<div class=\"elementor-element elementor-element-c03462c elementor-widget elementor-widget-heading\" data-id=\"c03462c\" data-element_type=\"widget\" data-e-type=\"widget\" data-widget_type=\"heading.default\">\n\t\t\t\t<div class=\"elementor-widget-container\">\n\t\t\t\t\t<h2 class=\"elementor-heading-title elementor-size-default\">Kiitos yhteydenotosta!<\/h2>\t\t\t\t<\/div>\n\t\t\t\t<\/div>\n\t\t\t\t<div class=\"elementor-element elementor-element-ee096fa elementor-widget elementor-widget-heading\" data-id=\"ee096fa\" data-element_type=\"widget\" data-e-type=\"widget\" data-widget_type=\"heading.default\">\n\t\t\t\t<div class=\"elementor-widget-container\">\n\t\t\t\t\t<h3 class=\"elementor-heading-title elementor-size-default\">Viestisi on l\u00e4hetetty onnistuneesti.<\/h3>\t\t\t\t<\/div>\n\t\t\t\t<\/div>\n\t\t\t\t<div class=\"elementor-element elementor-element-c1ead32 elementor-widget elementor-widget-text-editor\" data-id=\"c1ead32\" data-element_type=\"widget\" data-e-type=\"widget\" data-widget_type=\"text-editor.default\">\n\t\t\t\t<div class=\"elementor-widget-container\">\n\t\t\t\t\t\t\t\t\t<p>Kiit\u00e4mme sinua yhteydenotosta. Asiakaspalvelumme k\u00e4sittelee viestisi mahdollisimman pian ja ottaa sinuun yhteytt\u00e4.<\/p>\t\t\t\t\t\t\t\t<\/div>\n\t\t\t\t<\/div>\n\t\t\t\t\t<\/div>\n\t\t\t\t<\/div>\n\t\t\t\t<\/div>\n\t\t","protected":false},"excerpt":{"rendered":"<p>Thank you for contacting us! Your message has been sent successfully. Thank you for contacting us. Our customer service will deal with your message as soon as possible and get back to you.<\/p>\n","protected":false},"author":1,"featured_media":0,"parent":0,"menu_order":0,"comment_status":"closed","ping_status":"closed","template":"","meta":{"footnotes":""},"class_list":["post-783","page","type-page","status-publish","hentry"],"yoast_head":"<!-- This site is optimized with the Yoast SEO plugin v27.3 - https:\/\/yoast.com\/product\/yoast-seo-wordpress\/ -->\n<title>Thank you for contacting us | PVC Katteet Oy<\/title>\n<meta name=\"robots\" content=\"index, follow, max-snippet:-1, max-image-preview:large, max-video-preview:-1\" \/>\n<link rel=\"canonical\" href=\"https:\/\/pvckatteet.fi\/thank-you-for-contacting-us\/\" \/>\n<meta property=\"og:locale\" content=\"en_US\" \/>\n<meta property=\"og:type\" content=\"article\" \/>\n<meta property=\"og:title\" content=\"Thank you for contacting us | PVC Katteet Oy\" \/>\n<meta property=\"og:description\" content=\"Thank you for contacting us! Your message has been sent successfully. Thank you for contacting us. Our customer service will deal with your message as soon as possible and get back to you.\" \/>\n<meta property=\"og:url\" content=\"https:\/\/pvckatteet.fi\/thank-you-for-contacting-us\/\" \/>\n<meta property=\"og:site_name\" content=\"PVC Katteet Oy\" \/>\n<meta name=\"twitter:card\" content=\"summary_large_image\" \/>\n<script type=\"application\/ld+json\" class=\"yoast-schema-graph\">{\"@context\":\"https:\\\/\\\/schema.org\",\"@graph\":[{\"@type\":\"WebPage\",\"@id\":\"https:\\\/\\\/pvckatteet.fi\\\/thank-you-for-contacting-us\\\/\",\"url\":\"https:\\\/\\\/pvckatteet.fi\\\/thank-you-for-contacting-us\\\/\",\"name\":\"Thank you for contacting us | PVC Katteet Oy\",\"isPartOf\":{\"@id\":\"https:\\\/\\\/pvckatteet.fi\\\/#website\"},\"datePublished\":\"2023-10-05T06:36:47+00:00\",\"breadcrumb\":{\"@id\":\"https:\\\/\\\/pvckatteet.fi\\\/thank-you-for-contacting-us\\\/#breadcrumb\"},\"inLanguage\":\"en-US\",\"potentialAction\":[{\"@type\":\"ReadAction\",\"target\":[\"https:\\\/\\\/pvckatteet.fi\\\/thank-you-for-contacting-us\\\/\"]}]},{\"@type\":\"BreadcrumbList\",\"@id\":\"https:\\\/\\\/pvckatteet.fi\\\/thank-you-for-contacting-us\\\/#breadcrumb\",\"itemListElement\":[{\"@type\":\"ListItem\",\"position\":1,\"name\":\"Etusivu\",\"item\":\"https:\\\/\\\/pvckatteet.fi\\\/\"},{\"@type\":\"ListItem\",\"position\":2,\"name\":\"Thank you for contacting us\"}]},{\"@type\":\"WebSite\",\"@id\":\"https:\\\/\\\/pvckatteet.fi\\\/#website\",\"url\":\"https:\\\/\\\/pvckatteet.fi\\\/\",\"name\":\"PVC Katteet Oy\",\"description\":\"We protect and cover everything possible!\",\"publisher\":{\"@id\":\"https:\\\/\\\/pvckatteet.fi\\\/#organization\"},\"potentialAction\":[{\"@type\":\"SearchAction\",\"target\":{\"@type\":\"EntryPoint\",\"urlTemplate\":\"https:\\\/\\\/pvckatteet.fi\\\/?s={search_term_string}\"},\"query-input\":{\"@type\":\"PropertyValueSpecification\",\"valueRequired\":true,\"valueName\":\"search_term_string\"}}],\"inLanguage\":\"en-US\"},{\"@type\":\"Organization\",\"@id\":\"https:\\\/\\\/pvckatteet.fi\\\/#organization\",\"name\":\"PVC Katteet Oy\",\"url\":\"https:\\\/\\\/pvckatteet.fi\\\/\",\"logo\":{\"@type\":\"ImageObject\",\"inLanguage\":\"en-US\",\"@id\":\"https:\\\/\\\/pvckatteet.fi\\\/#\\\/schema\\\/logo\\\/image\\\/\",\"url\":\"https:\\\/\\\/pvckatteet.fi\\\/wp-content\\\/uploads\\\/2022\\\/02\\\/pvc-logo.png\",\"contentUrl\":\"https:\\\/\\\/pvckatteet.fi\\\/wp-content\\\/uploads\\\/2022\\\/02\\\/pvc-logo.png\",\"width\":214,\"height\":79,\"caption\":\"PVC Katteet Oy\"},\"image\":{\"@id\":\"https:\\\/\\\/pvckatteet.fi\\\/#\\\/schema\\\/logo\\\/image\\\/\"}}]}<\/script>\n<!-- \/ Yoast SEO plugin. -->","yoast_head_json":{"title":"Thank you for contacting us | PVC Katteet Oy","robots":{"index":"index","follow":"follow","max-snippet":"max-snippet:-1","max-image-preview":"max-image-preview:large","max-video-preview":"max-video-preview:-1"},"canonical":"https:\/\/pvckatteet.fi\/thank-you-for-contacting-us\/","og_locale":"en_US","og_type":"article","og_title":"Thank you for contacting us | PVC Katteet Oy","og_description":"Thank you for contacting us! Your message has been sent successfully. Thank you for contacting us. Our customer service will deal with your message as soon as possible and get back to you.","og_url":"https:\/\/pvckatteet.fi\/thank-you-for-contacting-us\/","og_site_name":"PVC Katteet Oy","twitter_card":"summary_large_image","schema":{"@context":"https:\/\/schema.org","@graph":[{"@type":"WebPage","@id":"https:\/\/pvckatteet.fi\/thank-you-for-contacting-us\/","url":"https:\/\/pvckatteet.fi\/thank-you-for-contacting-us\/","name":"Thank you for contacting us | PVC Katteet Oy","isPartOf":{"@id":"https:\/\/pvckatteet.fi\/#website"},"datePublished":"2023-10-05T06:36:47+00:00","breadcrumb":{"@id":"https:\/\/pvckatteet.fi\/thank-you-for-contacting-us\/#breadcrumb"},"inLanguage":"en-US","potentialAction":[{"@type":"ReadAction","target":["https:\/\/pvckatteet.fi\/thank-you-for-contacting-us\/"]}]},{"@type":"BreadcrumbList","@id":"https:\/\/pvckatteet.fi\/thank-you-for-contacting-us\/#breadcrumb","itemListElement":[{"@type":"ListItem","position":1,"name":"Etusivu","item":"https:\/\/pvckatteet.fi\/"},{"@type":"ListItem","position":2,"name":"Thank you for contacting us"}]},{"@type":"WebSite","@id":"https:\/\/pvckatteet.fi\/#website","url":"https:\/\/pvckatteet.fi\/","name":"PVC Katteet Oy","description":"We protect and cover everything possible!","publisher":{"@id":"https:\/\/pvckatteet.fi\/#organization"},"potentialAction":[{"@type":"SearchAction","target":{"@type":"EntryPoint","urlTemplate":"https:\/\/pvckatteet.fi\/?s={search_term_string}"},"query-input":{"@type":"PropertyValueSpecification","valueRequired":true,"valueName":"search_term_string"}}],"inLanguage":"en-US"},{"@type":"Organization","@id":"https:\/\/pvckatteet.fi\/#organization","name":"PVC Katteet Oy","url":"https:\/\/pvckatteet.fi\/","logo":{"@type":"ImageObject","inLanguage":"en-US","@id":"https:\/\/pvckatteet.fi\/#\/schema\/logo\/image\/","url":"https:\/\/pvckatteet.fi\/wp-content\/uploads\/2022\/02\/pvc-logo.png","contentUrl":"https:\/\/pvckatteet.fi\/wp-content\/uploads\/2022\/02\/pvc-logo.png","width":214,"height":79,"caption":"PVC Katteet Oy"},"image":{"@id":"https:\/\/pvckatteet.fi\/#\/schema\/logo\/image\/"}}]}},"_links":{"self":[{"href":"https:\/\/pvckatteet.fi\/en\/wp-json\/wp\/v2\/pages\/783","targetHints":{"allow":["GET"]}}],"collection":[{"href":"https:\/\/pvckatteet.fi\/en\/wp-json\/wp\/v2\/pages"}],"about":[{"href":"https:\/\/pvckatteet.fi\/en\/wp-json\/wp\/v2\/types\/page"}],"author":[{"embeddable":true,"href":"https:\/\/pvckatteet.fi\/en\/wp-json\/wp\/v2\/users\/1"}],"replies":[{"embeddable":true,"href":"https:\/\/pvckatteet.fi\/en\/wp-json\/wp\/v2\/comments?post=783"}],"version-history":[{"count":0,"href":"https:\/\/pvckatteet.fi\/en\/wp-json\/wp\/v2\/pages\/783\/revisions"}],"wp:attachment":[{"href":"https:\/\/pvckatteet.fi\/en\/wp-json\/wp\/v2\/media?parent=783"}],"curies":[{"name":"wp","href":"https:\/\/api.w.org\/{rel}","templated":true}]}}