{"id":787,"date":"2024-10-04T15:22:36","date_gmt":"2024-10-04T12:22:36","guid":{"rendered":"https:\/\/pvckatteet.sivustamo.dev\/contact-information\/"},"modified":"2024-12-05T08:17:14","modified_gmt":"2024-12-05T06:17:14","slug":"contact-information","status":"publish","type":"page","link":"https:\/\/pvckatteet.fi\/en\/contact-information\/","title":{"rendered":"Contact information"},"content":{"rendered":"\t\t<div data-elementor-type=\"wp-page\" data-elementor-id=\"787\" class=\"elementor elementor-787 elementor-269\" data-elementor-post-type=\"page\">\n\t\t\t\t<div class=\"elementor-element elementor-element-c9dfbba e-flex e-con-boxed e-con e-parent\" data-id=\"c9dfbba\" data-element_type=\"container\" data-e-type=\"container\" data-settings=\"{&quot;background_background&quot;:&quot;classic&quot;,&quot;jet_parallax_layout_list&quot;:[]}\">\n\t\t\t\t\t<div class=\"e-con-inner\">\n\t\t\t\t\t<\/div>\n\t\t\t\t<\/div>\n\t\t<div class=\"elementor-element elementor-element-e39fdf3 osiomargin e-flex e-con-boxed e-con e-parent\" data-id=\"e39fdf3\" data-element_type=\"container\" data-e-type=\"container\" data-settings=\"{&quot;jet_parallax_layout_list&quot;:[]}\">\n\t\t\t\t\t<div class=\"e-con-inner\">\n\t\t\t\t<div class=\"elementor-element elementor-element-3ed0992 elementor-widget elementor-widget-heading\" data-id=\"3ed0992\" data-element_type=\"widget\" data-e-type=\"widget\" data-widget_type=\"heading.default\">\n\t\t\t\t<div class=\"elementor-widget-container\">\n\t\t\t\t\t<h1 class=\"elementor-heading-title elementor-size-default\">Contact information<\/h1>\t\t\t\t<\/div>\n\t\t\t\t<\/div>\n\t\t\t\t\t<\/div>\n\t\t\t\t<\/div>\n\t\t<div class=\"elementor-element elementor-element-7722128 osiomargin e-flex e-con-boxed e-con e-parent\" data-id=\"7722128\" data-element_type=\"container\" data-e-type=\"container\" data-settings=\"{&quot;jet_parallax_layout_list&quot;:[]}\">\n\t\t\t\t\t<div class=\"e-con-inner\">\n\t\t<div class=\"elementor-element elementor-element-e82776b e-con-full e-flex e-con e-child\" data-id=\"e82776b\" data-element_type=\"container\" data-e-type=\"container\" data-settings=\"{&quot;jet_parallax_layout_list&quot;:[]}\">\n\t\t<div class=\"elementor-element elementor-element-67efbef e-con-full e-flex e-con e-child\" data-id=\"67efbef\" data-element_type=\"container\" data-e-type=\"container\" data-settings=\"{&quot;jet_parallax_layout_list&quot;:[]}\">\n\t\t<div class=\"elementor-element elementor-element-8220101 e-con-full e-flex e-con e-child\" data-id=\"8220101\" data-element_type=\"container\" data-e-type=\"container\" data-settings=\"{&quot;background_background&quot;:&quot;classic&quot;,&quot;jet_parallax_layout_list&quot;:[]}\">\n\t\t\t\t<div class=\"elementor-element elementor-element-e1fdfe0 elementor-widget elementor-widget-heading\" data-id=\"e1fdfe0\" data-element_type=\"widget\" data-e-type=\"widget\" data-widget_type=\"heading.default\">\n\t\t\t\t<div class=\"elementor-widget-container\">\n\t\t\t\t\t<h2 class=\"elementor-heading-title elementor-size-default\">Sales \/ Service<\/h2>\t\t\t\t<\/div>\n\t\t\t\t<\/div>\n\t\t\t\t<div class=\"elementor-element elementor-element-a6a8b1a elementor-icon-list--layout-traditional elementor-list-item-link-full_width elementor-widget elementor-widget-icon-list\" data-id=\"a6a8b1a\" data-element_type=\"widget\" data-e-type=\"widget\" data-widget_type=\"icon-list.default\">\n\t\t\t\t<div class=\"elementor-widget-container\">\n\t\t\t\t\t\t\t<ul class=\"elementor-icon-list-items\">\n\t\t\t\t\t\t\t<li class=\"elementor-icon-list-item\">\n\t\t\t\t\t\t\t\t\t\t<span class=\"elementor-icon-list-text\"><b>Jani Savolainen<\/b><\/span>\n\t\t\t\t\t\t\t\t\t<\/li>\n\t\t\t\t\t\t\t\t<li class=\"elementor-icon-list-item\">\n\t\t\t\t\t\t\t\t\t\t\t<a href=\"tel:0405230542\">\n\n\t\t\t\t\t\t\t\t\t\t\t\t<span class=\"elementor-icon-list-icon\">\n\t\t\t\t\t\t\t<i aria-hidden=\"true\" class=\"fas fa-mobile-alt\"><\/i>\t\t\t\t\t\t<\/span>\n\t\t\t\t\t\t\t\t\t\t<span class=\"elementor-icon-list-text\">040 523 0542<\/span>\n\t\t\t\t\t\t\t\t\t\t\t<\/a>\n\t\t\t\t\t\t\t\t\t<\/li>\n\t\t\t\t\t\t\t\t<li class=\"elementor-icon-list-item\">\n\t\t\t\t\t\t\t\t\t\t\t<a href=\"mailto:info@pvckatteet.fi\">\n\n\t\t\t\t\t\t\t\t\t\t\t\t<span class=\"elementor-icon-list-icon\">\n\t\t\t\t\t\t\t<i aria-hidden=\"true\" class=\"far fa-envelope\"><\/i>\t\t\t\t\t\t<\/span>\n\t\t\t\t\t\t\t\t\t\t<span class=\"elementor-icon-list-text\">info@pvckatteet.fi<\/span>\n\t\t\t\t\t\t\t\t\t\t\t<\/a>\n\t\t\t\t\t\t\t\t\t<\/li>\n\t\t\t\t\t\t\t\t<li class=\"elementor-icon-list-item\">\n\t\t\t\t\t\t\t\t\t\t\t<a href=\"https:\/\/maps.app.goo.gl\/UwBf5ofWWwQsni5u9\" target=\"_blank\">\n\n\t\t\t\t\t\t\t\t\t\t\t\t<span class=\"elementor-icon-list-icon\">\n\t\t\t\t\t\t\t<i aria-hidden=\"true\" class=\"fas fa-map-marker-alt\"><\/i>\t\t\t\t\t\t<\/span>\n\t\t\t\t\t\t\t\t\t\t<span class=\"elementor-icon-list-text\">\u00c4ht\u00e4ri, Sorvitie 5<\/span>\n\t\t\t\t\t\t\t\t\t\t\t<\/a>\n\t\t\t\t\t\t\t\t\t<\/li>\n\t\t\t\t\t\t<\/ul>\n\t\t\t\t\t\t<\/div>\n\t\t\t\t<\/div>\n\t\t\t\t<\/div>\n\t\t\t\t<\/div>\n\t\t\t\t<div class=\"elementor-element elementor-element-b17c30a elementor-widget elementor-widget-google_maps\" data-id=\"b17c30a\" data-element_type=\"widget\" data-e-type=\"widget\" data-widget_type=\"google_maps.default\">\n\t\t\t\t<div class=\"elementor-widget-container\">\n\t\t\t\t\t\t\t<div class=\"elementor-custom-embed\">\n\t\t\t<iframe loading=\"lazy\"\n\t\t\t\t\tsrc=\"https:\/\/maps.google.com\/maps?q=sorvitie%205%2C%2063700%20%C3%A4ht%C3%A4ri&#038;t=m&#038;z=12&#038;output=embed&#038;iwloc=near\"\n\t\t\t\t\ttitle=\"sorvitie 5, 63700 \u00e4ht\u00e4ri\"\n\t\t\t\t\taria-label=\"sorvitie 5, 63700 \u00e4ht\u00e4ri\"\n\t\t\t><\/iframe>\n\t\t<\/div>\n\t\t\t\t\t\t<\/div>\n\t\t\t\t<\/div>\n\t\t\t\t<\/div>\n\t\t<div class=\"elementor-element elementor-element-7ba36d4 e-con-full e-flex e-con e-child\" data-id=\"7ba36d4\" data-element_type=\"container\" data-e-type=\"container\" data-settings=\"{&quot;jet_parallax_layout_list&quot;:[]}\">\n\t\t<div class=\"elementor-element elementor-element-3939b93 e-con-full e-flex e-con e-child\" data-id=\"3939b93\" data-element_type=\"container\" data-e-type=\"container\" data-settings=\"{&quot;jet_parallax_layout_list&quot;:[]}\">\n\t\t<div class=\"elementor-element elementor-element-b1768be e-con-full e-flex e-con e-child\" data-id=\"b1768be\" data-element_type=\"container\" data-e-type=\"container\" data-settings=\"{&quot;background_background&quot;:&quot;classic&quot;,&quot;jet_parallax_layout_list&quot;:[]}\">\n\t\t\t\t<div class=\"elementor-element elementor-element-5b519da elementor-widget elementor-widget-heading\" data-id=\"5b519da\" data-element_type=\"widget\" data-e-type=\"widget\" data-widget_type=\"heading.default\">\n\t\t\t\t<div class=\"elementor-widget-container\">\n\t\t\t\t\t<h2 class=\"elementor-heading-title elementor-size-default\">Factory<\/h2>\t\t\t\t<\/div>\n\t\t\t\t<\/div>\n\t\t\t\t<div class=\"elementor-element elementor-element-004e854 elementor-icon-list--layout-traditional elementor-list-item-link-full_width elementor-widget elementor-widget-icon-list\" data-id=\"004e854\" data-element_type=\"widget\" data-e-type=\"widget\" data-widget_type=\"icon-list.default\">\n\t\t\t\t<div class=\"elementor-widget-container\">\n\t\t\t\t\t\t\t<ul class=\"elementor-icon-list-items\">\n\t\t\t\t\t\t\t<li class=\"elementor-icon-list-item\">\n\t\t\t\t\t\t\t\t\t\t<span class=\"elementor-icon-list-text\"><b>PVC Katted O\u00dc \/ Rauno Leibak<\/b><\/span>\n\t\t\t\t\t\t\t\t\t<\/li>\n\t\t\t\t\t\t\t\t<li class=\"elementor-icon-list-item\">\n\t\t\t\t\t\t\t\t\t\t\t<a href=\"tel:0405230542\">\n\n\t\t\t\t\t\t\t\t\t\t\t\t<span class=\"elementor-icon-list-icon\">\n\t\t\t\t\t\t\t<i aria-hidden=\"true\" class=\"fas fa-mobile-alt\"><\/i>\t\t\t\t\t\t<\/span>\n\t\t\t\t\t\t\t\t\t\t<span class=\"elementor-icon-list-text\">040 523 0542<\/span>\n\t\t\t\t\t\t\t\t\t\t\t<\/a>\n\t\t\t\t\t\t\t\t\t<\/li>\n\t\t\t\t\t\t\t\t<li class=\"elementor-icon-list-item\">\n\t\t\t\t\t\t\t\t\t\t\t<a href=\"mailto:info@pvckatteet.fi\">\n\n\t\t\t\t\t\t\t\t\t\t\t\t<span class=\"elementor-icon-list-icon\">\n\t\t\t\t\t\t\t<i aria-hidden=\"true\" class=\"far fa-envelope\"><\/i>\t\t\t\t\t\t<\/span>\n\t\t\t\t\t\t\t\t\t\t<span class=\"elementor-icon-list-text\">info@pvckatteet.fi<\/span>\n\t\t\t\t\t\t\t\t\t\t\t<\/a>\n\t\t\t\t\t\t\t\t\t<\/li>\n\t\t\t\t\t\t\t\t<li class=\"elementor-icon-list-item\">\n\t\t\t\t\t\t\t\t\t\t\t<a href=\"https:\/\/maps.app.goo.gl\/JNfi6ijD2FPKGfBDA\" target=\"_blank\">\n\n\t\t\t\t\t\t\t\t\t\t\t\t<span class=\"elementor-icon-list-icon\">\n\t\t\t\t\t\t\t<i aria-hidden=\"true\" class=\"fas fa-map-marker-alt\"><\/i>\t\t\t\t\t\t<\/span>\n\t\t\t\t\t\t\t\t\t\t<span class=\"elementor-icon-list-text\">Riia maantee 233a, P\u00e4rnu, Eesti<\/span>\n\t\t\t\t\t\t\t\t\t\t\t<\/a>\n\t\t\t\t\t\t\t\t\t<\/li>\n\t\t\t\t\t\t<\/ul>\n\t\t\t\t\t\t<\/div>\n\t\t\t\t<\/div>\n\t\t\t\t<\/div>\n\t\t\t\t<\/div>\n\t\t\t\t<div class=\"elementor-element elementor-element-c7606e9 elementor-widget elementor-widget-google_maps\" data-id=\"c7606e9\" data-element_type=\"widget\" data-e-type=\"widget\" data-widget_type=\"google_maps.default\">\n\t\t\t\t<div class=\"elementor-widget-container\">\n\t\t\t\t\t\t\t<div class=\"elementor-custom-embed\">\n\t\t\t<iframe loading=\"lazy\"\n\t\t\t\t\tsrc=\"https:\/\/maps.google.com\/maps?q=Riia%20maantee%20233a%2C%20P%C3%A4rnu%2C%20Eesti&#038;t=m&#038;z=12&#038;output=embed&#038;iwloc=near\"\n\t\t\t\t\ttitle=\"Riia maantee 233a, P\u00e4rnu, Eesti\"\n\t\t\t\t\taria-label=\"Riia maantee 233a, P\u00e4rnu, Eesti\"\n\t\t\t><\/iframe>\n\t\t<\/div>\n\t\t\t\t\t\t<\/div>\n\t\t\t\t<\/div>\n\t\t\t\t<\/div>\n\t\t\t\t\t<\/div>\n\t\t\t\t<\/div>\n\t\t<div class=\"elementor-element elementor-element-30cff03 osiomargin e-flex e-con-boxed e-con e-parent\" data-id=\"30cff03\" data-element_type=\"container\" data-e-type=\"container\" data-settings=\"{&quot;jet_parallax_layout_list&quot;:[]}\">\n\t\t\t\t\t<div class=\"e-con-inner\">\n\t\t<a class=\"elementor-element elementor-element-f05c9db e-con-full e-transform e-flex e-con e-child\" data-id=\"f05c9db\" data-element_type=\"container\" data-e-type=\"container\" data-settings=\"{&quot;background_background&quot;:&quot;classic&quot;,&quot;jet_parallax_layout_list&quot;:[],&quot;_transform_scale_effect_hover&quot;:{&quot;unit&quot;:&quot;px&quot;,&quot;size&quot;:1.03,&quot;sizes&quot;:[]},&quot;_transform_scale_effect_hover_laptop&quot;:{&quot;unit&quot;:&quot;px&quot;,&quot;size&quot;:&quot;&quot;,&quot;sizes&quot;:[]},&quot;_transform_scale_effect_hover_tablet&quot;:{&quot;unit&quot;:&quot;px&quot;,&quot;size&quot;:&quot;&quot;,&quot;sizes&quot;:[]},&quot;_transform_scale_effect_hover_mobile&quot;:{&quot;unit&quot;:&quot;px&quot;,&quot;size&quot;:&quot;&quot;,&quot;sizes&quot;:[]}}\" href=\"https:\/\/pvckatteet.fi\/en\/1-4-23-pvc-katteet-oy-sahkoinen-laskutusosoite\/\" target=\"_blank\">\n\t\t\t\t<div class=\"elementor-element elementor-element-4a4cee9 elementor-widget elementor-widget-heading\" data-id=\"4a4cee9\" data-element_type=\"widget\" data-e-type=\"widget\" data-widget_type=\"heading.default\">\n\t\t\t\t<div class=\"elementor-widget-container\">\n\t\t\t\t\t<span class=\"elementor-heading-title elementor-size-default\">Download PVC-katteet online billing information here<\/span>\t\t\t\t<\/div>\n\t\t\t\t<\/div>\n\t\t\t\t<\/a>\n\t\t\t\t\t<\/div>\n\t\t\t\t<\/div>\n\t\t<div class=\"elementor-element elementor-element-09f86be osiopadding e-flex e-con-boxed e-con e-parent\" data-id=\"09f86be\" data-element_type=\"container\" data-e-type=\"container\" data-settings=\"{&quot;background_background&quot;:&quot;classic&quot;,&quot;jet_parallax_layout_list&quot;:[]}\">\n\t\t\t\t\t<div class=\"e-con-inner\">\n\t\t<div class=\"elementor-element elementor-element-aab6ab3 e-con-full e-flex e-con e-child\" data-id=\"aab6ab3\" data-element_type=\"container\" data-e-type=\"container\" data-settings=\"{&quot;jet_parallax_layout_list&quot;:[]}\">\n\t\t\t\t<div class=\"elementor-element elementor-element-75d70de elementor-widget elementor-widget-heading\" data-id=\"75d70de\" data-element_type=\"widget\" data-e-type=\"widget\" data-widget_type=\"heading.default\">\n\t\t\t\t<div class=\"elementor-widget-container\">\n\t\t\t\t\t<h2 class=\"elementor-heading-title elementor-size-default\">Contact us<\/h2>\t\t\t\t<\/div>\n\t\t\t\t<\/div>\n\t\t\t\t<div class=\"elementor-element elementor-element-8757071 elementor-button-align-start elementor-widget__width-initial elementor-widget elementor-widget-form\" data-id=\"8757071\" data-element_type=\"widget\" data-e-type=\"widget\" data-settings=\"{&quot;step_next_label&quot;:&quot;Next&quot;,&quot;step_previous_label&quot;:&quot;Previous&quot;,&quot;button_width&quot;:&quot;100&quot;,&quot;step_type&quot;:&quot;number_text&quot;,&quot;step_icon_shape&quot;:&quot;circle&quot;}\" data-widget_type=\"form.default\">\n\t\t\t\t<div class=\"elementor-widget-container\">\n\t\t\t\t\t\t\t<form class=\"elementor-form\" method=\"post\" name=\"Contact form\" aria-label=\"Contact form\">\n\t\t\t<input type=\"hidden\" name=\"post_id\" value=\"787\"\/>\n\t\t\t<input type=\"hidden\" name=\"form_id\" value=\"8757071\"\/>\n\t\t\t<input type=\"hidden\" name=\"referer_title\" value=\"PVC Katteet Oy\" \/>\n\n\t\t\t\n\t\t\t<div class=\"elementor-form-fields-wrapper elementor-labels-above\">\n\t\t\t\t\t\t\t\t<div class=\"elementor-field-type-text elementor-field-group elementor-column elementor-field-group-nimi elementor-col-100\">\n\t\t\t\t\t\t\t\t\t\t\t\t<label for=\"form-field-nimi\" class=\"elementor-field-label\">\n\t\t\t\t\t\t\t\tName\t\t\t\t\t\t\t<\/label>\n\t\t\t\t\t\t\t\t\t\t\t\t\t\t<input size=\"1\" type=\"text\" name=\"form_fields[nimi]\" id=\"form-field-nimi\" class=\"elementor-field elementor-size-sm  elementor-field-textual\" placeholder=\"Name\">\n\t\t\t\t\t\t\t\t\t\t\t<\/div>\n\t\t\t\t\t\t\t\t<div class=\"elementor-field-type-email elementor-field-group elementor-column elementor-field-group-email elementor-col-100 elementor-field-required\">\n\t\t\t\t\t\t\t\t\t\t\t\t<label for=\"form-field-email\" class=\"elementor-field-label\">\n\t\t\t\t\t\t\t\tEmail\t\t\t\t\t\t\t<\/label>\n\t\t\t\t\t\t\t\t\t\t\t\t\t\t<input size=\"1\" type=\"email\" name=\"form_fields[email]\" id=\"form-field-email\" class=\"elementor-field elementor-size-sm  elementor-field-textual\" placeholder=\"Email\" required=\"required\">\n\t\t\t\t\t\t\t\t\t\t\t<\/div>\n\t\t\t\t\t\t\t\t<div class=\"elementor-field-type-text elementor-field-group elementor-column elementor-field-group-aihe elementor-col-100\">\n\t\t\t\t\t\t\t\t\t\t\t\t<label for=\"form-field-aihe\" class=\"elementor-field-label\">\n\t\t\t\t\t\t\t\tSubject\t\t\t\t\t\t\t<\/label>\n\t\t\t\t\t\t\t\t\t\t\t\t\t\t<input size=\"1\" type=\"text\" name=\"form_fields[aihe]\" id=\"form-field-aihe\" class=\"elementor-field elementor-size-sm  elementor-field-textual\" placeholder=\"Subject\">\n\t\t\t\t\t\t\t\t\t\t\t<\/div>\n\t\t\t\t\t\t\t\t<div class=\"elementor-field-type-textarea elementor-field-group elementor-column elementor-field-group-message elementor-col-100\">\n\t\t\t\t\t\t\t\t\t\t\t\t<label for=\"form-field-message\" class=\"elementor-field-label\">\n\t\t\t\t\t\t\t\tMessage\t\t\t\t\t\t\t<\/label>\n\t\t\t\t\t\t<textarea class=\"elementor-field-textual elementor-field  elementor-size-sm\" name=\"form_fields[message]\" id=\"form-field-message\" rows=\"4\" placeholder=\"Message\"><\/textarea>\t\t\t\t<\/div>\n\t\t\t\t\t\t\t\t<div class=\"elementor-field-type-acceptance elementor-field-group elementor-column elementor-field-group-field_30ba70d elementor-col-100 elementor-field-required\">\n\t\t\t\t\t\t\t<div class=\"elementor-field-subgroup\">\n\t\t\t<span class=\"elementor-field-option\">\n\t\t\t\t<input type=\"checkbox\" name=\"form_fields[field_30ba70d]\" id=\"form-field-field_30ba70d\" class=\"elementor-field elementor-size-sm  elementor-acceptance-field\" required=\"required\">\n\t\t\t\t<label for=\"form-field-field_30ba70d\">I consent to the processing of personal data <br> <em><a href=\"https:\/\/pvckatteet.fi\/tietosuojalausunto-eu\/\">More information on the processing of personal data in the Privacy Policy<\/a><\/em><\/label>\t\t\t<\/span>\n\t\t<\/div>\n\t\t\t\t\t\t<\/div>\n\t\t\t\t\t\t\t\t<div class=\"elementor-field-group elementor-column elementor-field-type-submit elementor-col-100 e-form__buttons\">\n\t\t\t\t\t<button class=\"elementor-button elementor-size-sm\" type=\"submit\">\n\t\t\t\t\t\t<span class=\"elementor-button-content-wrapper\">\n\t\t\t\t\t\t\t\t\t\t\t\t\t\t\t\t\t\t\t\t\t\t<span class=\"elementor-button-text\">Send<\/span>\n\t\t\t\t\t\t\t\t\t\t\t\t\t<\/span>\n\t\t\t\t\t<\/button>\n\t\t\t\t<\/div>\n\t\t\t<\/div>\n\t\t<\/form>\n\t\t\t\t\t\t<\/div>\n\t\t\t\t<\/div>\n\t\t\t\t<\/div>\n\t\t\t\t\t<\/div>\n\t\t\t\t<\/div>\n\t\t\t\t<\/div>\n\t\t","protected":false},"excerpt":{"rendered":"<p>Sales \/ Service Jani Savolainen 040 523 0542 info@pvckatteet.fi \u00c4ht\u00e4ri, Sorvitie 5 Factory PVC Katted O\u00dc \/ Rauno Leibak 040 523 0542 info@pvckatteet.fi Riia maantee 233a, P\u00e4rnu, Eesti Download PVC-katteet online billing information here Contact us<\/p>\n","protected":false},"author":1,"featured_media":776,"parent":0,"menu_order":0,"comment_status":"closed","ping_status":"closed","template":"","meta":{"footnotes":""},"class_list":["post-787","page","type-page","status-publish","has-post-thumbnail","hentry"],"yoast_head":"<!-- This site is optimized with the Yoast SEO plugin v27.5 - https:\/\/yoast.com\/product\/yoast-seo-wordpress\/ -->\n<title>Contact information | PVC Katteet Oy<\/title>\n<meta name=\"robots\" content=\"index, follow, max-snippet:-1, max-image-preview:large, max-video-preview:-1\" \/>\n<link rel=\"canonical\" href=\"https:\/\/pvckatteet.fi\/yhteystiedot\/\" \/>\n<meta property=\"og:locale\" content=\"en_US\" \/>\n<meta property=\"og:type\" content=\"article\" \/>\n<meta property=\"og:title\" content=\"Contact information | PVC Katteet Oy\" \/>\n<meta property=\"og:description\" content=\"Sales \/ Service Jani Savolainen 040 523 0542 info@pvckatteet.fi \u00c4ht\u00e4ri, Sorvitie 5 Factory PVC Katted O\u00dc \/ Rauno Leibak 040 523 0542 info@pvckatteet.fi Riia maantee 233a, P\u00e4rnu, Eesti Download PVC-katteet online billing information here Contact us\" \/>\n<meta property=\"og:url\" content=\"https:\/\/pvckatteet.fi\/yhteystiedot\/\" \/>\n<meta property=\"og:site_name\" content=\"PVC Katteet Oy\" \/>\n<meta property=\"article:modified_time\" content=\"2024-12-05T06:17:14+00:00\" \/>\n<meta property=\"og:image\" content=\"https:\/\/pvckatteet.fi\/wp-content\/uploads\/2024\/11\/DJI_0020-scaled.jpg\" \/>\n\t<meta property=\"og:image:width\" content=\"2560\" \/>\n\t<meta property=\"og:image:height\" content=\"1440\" \/>\n\t<meta property=\"og:image:type\" content=\"image\/jpeg\" \/>\n<meta name=\"twitter:card\" content=\"summary_large_image\" \/>\n<meta name=\"twitter:label1\" content=\"Est. reading time\" \/>\n\t<meta name=\"twitter:data1\" content=\"1 minute\" \/>\n<script type=\"application\/ld+json\" class=\"yoast-schema-graph\">{\"@context\":\"https:\\\/\\\/schema.org\",\"@graph\":[{\"@type\":\"WebPage\",\"@id\":\"https:\\\/\\\/pvckatteet.fi\\\/yhteystiedot\\\/\",\"url\":\"https:\\\/\\\/pvckatteet.fi\\\/yhteystiedot\\\/\",\"name\":\"Contact information | PVC Katteet Oy\",\"isPartOf\":{\"@id\":\"https:\\\/\\\/pvckatteet.fi\\\/#website\"},\"primaryImageOfPage\":{\"@id\":\"https:\\\/\\\/pvckatteet.fi\\\/yhteystiedot\\\/#primaryimage\"},\"image\":{\"@id\":\"https:\\\/\\\/pvckatteet.fi\\\/yhteystiedot\\\/#primaryimage\"},\"thumbnailUrl\":\"https:\\\/\\\/pvckatteet.fi\\\/wp-content\\\/uploads\\\/2024\\\/11\\\/DJI_0020-scaled.jpg\",\"datePublished\":\"2024-10-04T12:22:36+00:00\",\"dateModified\":\"2024-12-05T06:17:14+00:00\",\"breadcrumb\":{\"@id\":\"https:\\\/\\\/pvckatteet.fi\\\/yhteystiedot\\\/#breadcrumb\"},\"inLanguage\":\"en-US\",\"potentialAction\":[{\"@type\":\"ReadAction\",\"target\":[\"https:\\\/\\\/pvckatteet.fi\\\/yhteystiedot\\\/\"]}]},{\"@type\":\"ImageObject\",\"inLanguage\":\"en-US\",\"@id\":\"https:\\\/\\\/pvckatteet.fi\\\/yhteystiedot\\\/#primaryimage\",\"url\":\"https:\\\/\\\/pvckatteet.fi\\\/wp-content\\\/uploads\\\/2024\\\/11\\\/DJI_0020-scaled.jpg\",\"contentUrl\":\"https:\\\/\\\/pvckatteet.fi\\\/wp-content\\\/uploads\\\/2024\\\/11\\\/DJI_0020-scaled.jpg\",\"width\":2560,\"height\":1440,\"caption\":\"DCIM100MEDIADJI_0020.JPG\"},{\"@type\":\"BreadcrumbList\",\"@id\":\"https:\\\/\\\/pvckatteet.fi\\\/yhteystiedot\\\/#breadcrumb\",\"itemListElement\":[{\"@type\":\"ListItem\",\"position\":1,\"name\":\"Etusivu\",\"item\":\"https:\\\/\\\/pvckatteet.fi\\\/\"},{\"@type\":\"ListItem\",\"position\":2,\"name\":\"Contact information\"}]},{\"@type\":\"WebSite\",\"@id\":\"https:\\\/\\\/pvckatteet.fi\\\/#website\",\"url\":\"https:\\\/\\\/pvckatteet.fi\\\/\",\"name\":\"PVC Katteet Oy\",\"description\":\"We protect and cover everything possible!\",\"publisher\":{\"@id\":\"https:\\\/\\\/pvckatteet.fi\\\/#organization\"},\"potentialAction\":[{\"@type\":\"SearchAction\",\"target\":{\"@type\":\"EntryPoint\",\"urlTemplate\":\"https:\\\/\\\/pvckatteet.fi\\\/?s={search_term_string}\"},\"query-input\":{\"@type\":\"PropertyValueSpecification\",\"valueRequired\":true,\"valueName\":\"search_term_string\"}}],\"inLanguage\":\"en-US\"},{\"@type\":\"Organization\",\"@id\":\"https:\\\/\\\/pvckatteet.fi\\\/#organization\",\"name\":\"PVC Katteet Oy\",\"url\":\"https:\\\/\\\/pvckatteet.fi\\\/\",\"logo\":{\"@type\":\"ImageObject\",\"inLanguage\":\"en-US\",\"@id\":\"https:\\\/\\\/pvckatteet.fi\\\/#\\\/schema\\\/logo\\\/image\\\/\",\"url\":\"https:\\\/\\\/pvckatteet.fi\\\/wp-content\\\/uploads\\\/2022\\\/02\\\/pvc-logo.png\",\"contentUrl\":\"https:\\\/\\\/pvckatteet.fi\\\/wp-content\\\/uploads\\\/2022\\\/02\\\/pvc-logo.png\",\"width\":214,\"height\":79,\"caption\":\"PVC Katteet Oy\"},\"image\":{\"@id\":\"https:\\\/\\\/pvckatteet.fi\\\/#\\\/schema\\\/logo\\\/image\\\/\"}}]}<\/script>\n<!-- \/ Yoast SEO plugin. -->","yoast_head_json":{"title":"Contact information | PVC Katteet Oy","robots":{"index":"index","follow":"follow","max-snippet":"max-snippet:-1","max-image-preview":"max-image-preview:large","max-video-preview":"max-video-preview:-1"},"canonical":"https:\/\/pvckatteet.fi\/yhteystiedot\/","og_locale":"en_US","og_type":"article","og_title":"Contact information | PVC Katteet Oy","og_description":"Sales \/ Service Jani Savolainen 040 523 0542 info@pvckatteet.fi \u00c4ht\u00e4ri, Sorvitie 5 Factory PVC Katted O\u00dc \/ Rauno Leibak 040 523 0542 info@pvckatteet.fi Riia maantee 233a, P\u00e4rnu, Eesti Download PVC-katteet online billing information here Contact us","og_url":"https:\/\/pvckatteet.fi\/yhteystiedot\/","og_site_name":"PVC Katteet Oy","article_modified_time":"2024-12-05T06:17:14+00:00","og_image":[{"width":2560,"height":1440,"url":"https:\/\/pvckatteet.fi\/wp-content\/uploads\/2024\/11\/DJI_0020-scaled.jpg","type":"image\/jpeg"}],"twitter_card":"summary_large_image","twitter_misc":{"Est. reading time":"1 minute"},"schema":{"@context":"https:\/\/schema.org","@graph":[{"@type":"WebPage","@id":"https:\/\/pvckatteet.fi\/yhteystiedot\/","url":"https:\/\/pvckatteet.fi\/yhteystiedot\/","name":"Contact information | PVC Katteet Oy","isPartOf":{"@id":"https:\/\/pvckatteet.fi\/#website"},"primaryImageOfPage":{"@id":"https:\/\/pvckatteet.fi\/yhteystiedot\/#primaryimage"},"image":{"@id":"https:\/\/pvckatteet.fi\/yhteystiedot\/#primaryimage"},"thumbnailUrl":"https:\/\/pvckatteet.fi\/wp-content\/uploads\/2024\/11\/DJI_0020-scaled.jpg","datePublished":"2024-10-04T12:22:36+00:00","dateModified":"2024-12-05T06:17:14+00:00","breadcrumb":{"@id":"https:\/\/pvckatteet.fi\/yhteystiedot\/#breadcrumb"},"inLanguage":"en-US","potentialAction":[{"@type":"ReadAction","target":["https:\/\/pvckatteet.fi\/yhteystiedot\/"]}]},{"@type":"ImageObject","inLanguage":"en-US","@id":"https:\/\/pvckatteet.fi\/yhteystiedot\/#primaryimage","url":"https:\/\/pvckatteet.fi\/wp-content\/uploads\/2024\/11\/DJI_0020-scaled.jpg","contentUrl":"https:\/\/pvckatteet.fi\/wp-content\/uploads\/2024\/11\/DJI_0020-scaled.jpg","width":2560,"height":1440,"caption":"DCIM100MEDIADJI_0020.JPG"},{"@type":"BreadcrumbList","@id":"https:\/\/pvckatteet.fi\/yhteystiedot\/#breadcrumb","itemListElement":[{"@type":"ListItem","position":1,"name":"Etusivu","item":"https:\/\/pvckatteet.fi\/"},{"@type":"ListItem","position":2,"name":"Contact information"}]},{"@type":"WebSite","@id":"https:\/\/pvckatteet.fi\/#website","url":"https:\/\/pvckatteet.fi\/","name":"PVC Katteet Oy","description":"We protect and cover everything possible!","publisher":{"@id":"https:\/\/pvckatteet.fi\/#organization"},"potentialAction":[{"@type":"SearchAction","target":{"@type":"EntryPoint","urlTemplate":"https:\/\/pvckatteet.fi\/?s={search_term_string}"},"query-input":{"@type":"PropertyValueSpecification","valueRequired":true,"valueName":"search_term_string"}}],"inLanguage":"en-US"},{"@type":"Organization","@id":"https:\/\/pvckatteet.fi\/#organization","name":"PVC Katteet Oy","url":"https:\/\/pvckatteet.fi\/","logo":{"@type":"ImageObject","inLanguage":"en-US","@id":"https:\/\/pvckatteet.fi\/#\/schema\/logo\/image\/","url":"https:\/\/pvckatteet.fi\/wp-content\/uploads\/2022\/02\/pvc-logo.png","contentUrl":"https:\/\/pvckatteet.fi\/wp-content\/uploads\/2022\/02\/pvc-logo.png","width":214,"height":79,"caption":"PVC Katteet Oy"},"image":{"@id":"https:\/\/pvckatteet.fi\/#\/schema\/logo\/image\/"}}]}},"_links":{"self":[{"href":"https:\/\/pvckatteet.fi\/en\/wp-json\/wp\/v2\/pages\/787","targetHints":{"allow":["GET"]}}],"collection":[{"href":"https:\/\/pvckatteet.fi\/en\/wp-json\/wp\/v2\/pages"}],"about":[{"href":"https:\/\/pvckatteet.fi\/en\/wp-json\/wp\/v2\/types\/page"}],"author":[{"embeddable":true,"href":"https:\/\/pvckatteet.fi\/en\/wp-json\/wp\/v2\/users\/1"}],"replies":[{"embeddable":true,"href":"https:\/\/pvckatteet.fi\/en\/wp-json\/wp\/v2\/comments?post=787"}],"version-history":[{"count":11,"href":"https:\/\/pvckatteet.fi\/en\/wp-json\/wp\/v2\/pages\/787\/revisions"}],"predecessor-version":[{"id":904,"href":"https:\/\/pvckatteet.fi\/en\/wp-json\/wp\/v2\/pages\/787\/revisions\/904"}],"wp:featuredmedia":[{"embeddable":true,"href":"https:\/\/pvckatteet.fi\/en\/wp-json\/wp\/v2\/media\/776"}],"wp:attachment":[{"href":"https:\/\/pvckatteet.fi\/en\/wp-json\/wp\/v2\/media?parent=787"}],"curies":[{"name":"wp","href":"https:\/\/api.w.org\/{rel}","templated":true}]}}